{"id":959,"date":"2024-06-27T15:06:47","date_gmt":"2024-06-27T15:06:47","guid":{"rendered":"https:\/\/tegelon.se\/?page_id=959"},"modified":"2025-12-28T08:27:05","modified_gmt":"2025-12-28T08:27:05","slug":"styrelsen-och-fortroendevalda","status":"publish","type":"page","link":"https:\/\/tegelon.se\/index.php\/styrelsen-och-fortroendevalda\/","title":{"rendered":"Styrelsen och f\u00f6rtroendevalda"},"content":{"rendered":"\n<p><strong>P\u00e5 denna sida<\/strong><\/p>\n\n\n\n<ul class=\"wp-block-list\">\n<li><a href=\"#styrelsen\" data-type=\"page\" data-id=\"959\">Styrelsen<\/a><\/li>\n\n\n\n<li>\ud83d\udd25 <a href=\"#brandfogde\">Brandfogde<\/a> \ud83d\udd25<\/li>\n\n\n\n<li><a href=\"#bryggfogde\">Bryggfogde<\/a><\/li>\n\n\n\n<li><a href=\"#festkommiten\">Festkommitten<\/a><\/li>\n\n\n\n<li><a href=\"#midsommarlotteriet\">Midsommarlotteriet<\/a><\/li>\n\n\n\n<li><a href=\"#valberedning\">Valberedning<\/a><\/li>\n\n\n\n<li><a href=\"#hemsideansvarig\">Hemsideansvarig<\/a><\/li>\n\n\n\n<li><a href=\"#viltv\u00e5rdsansvarig\">Viltv\u00e5rdsansvarig<\/a><\/li>\n<\/ul>\n\n\n\n<h3 class=\"wp-block-heading\" id=\"styrelsen\">Styrelsen<\/h3>\n\n\n\n<p><strong>Ordf\u00f6rande<\/strong><br>Johan Warpe<br>tel. 070-742 09 95<br><a href=\"mailto:info@tegelon.se?Subject=Kontakt%20again\">info@tegelon.se<\/a><\/p>\n\n\n\n<p><strong>Ledam\u00f6ter<\/strong><\/p>\n\n\n\n<ul class=\"wp-block-list\">\n<li>Helene Roos<\/li>\n\n\n\n<li>Sanna Jelker<\/li>\n\n\n\n<li>Roger Marminge<\/li>\n\n\n\n<li>Per Lindblad<\/li>\n\n\n\n<li>Fredrik Rodin<\/li>\n<\/ul>\n\n\n\n<h3 class=\"wp-block-heading\">F\u00f6rtroendevalda<\/h3>\n\n\n\n<p id=\"brandfogde\"><strong>Brandfogde<\/strong> <\/p>\n\n\n\n<ul class=\"wp-block-list\">\n<li>Peter Andersson, tel. 070 857 40 45: <a href=\"https:\/\/tegelon.se\/index.php\/vid-brand\/\">L\u00e4nk till brandinstruktioner<\/a><\/li>\n<\/ul>\n\n\n\n<p id=\"bryggfogde\"><strong>Bryggfogde<\/strong><\/p>\n\n\n\n<ul class=\"wp-block-list\">\n<li>Clas Borg<\/li>\n<\/ul>\n\n\n\n<p id=\"festkommiten\"><strong>Festkommit\u00e9n<\/strong><\/p>\n\n\n\n<ul class=\"wp-block-list\">\n<li>Rasmus \u00d6sterlund (sammankallande)<\/li>\n<\/ul>\n\n\n\n<p id=\"midsommarlotteriet\"><strong>Midsommarlotteriet<\/strong><\/p>\n\n\n\n<ul class=\"wp-block-list\">\n<li>Helene Roos<\/li>\n<\/ul>\n\n\n\n<p id=\"valberedning\"><strong>Valberedning<\/strong><\/p>\n\n\n\n<ul class=\"wp-block-list\">\n<li>Randy Gosda<\/li>\n\n\n\n<li>Sten Haage<\/li>\n<\/ul>\n\n\n\n<p id=\"hemsideansvarig\"><strong>Hemsideansvarig<\/strong><br>Fredrik Rodin, tel. 0768 651910<\/p>\n\n\n\n<p id=\"viltv\u00e5rdsansvarig\"><strong>Viltv\u00e5rdsansvarig<\/strong><br>Jan St\u00e4ring<\/p>\n","protected":false},"excerpt":{"rendered":"<p>P\u00e5 denna sida Styrelsen Ordf\u00f6randeJohan Warpetel. 070-742 09 95info@tegelon.se Ledam\u00f6ter F\u00f6rtroendevalda Brandfogde Bryggfogde Festkommit\u00e9n Midsommarlotteriet Valberedning HemsideansvarigFredrik Rodin, tel. 0768 651910 Viltv\u00e5rdsansvarigJan St\u00e4ring<\/p>\n","protected":false},"author":1,"featured_media":0,"parent":0,"menu_order":0,"comment_status":"closed","ping_status":"closed","template":"","meta":{"footnotes":""},"class_list":["post-959","page","type-page","status-publish","hentry"],"_links":{"self":[{"href":"https:\/\/tegelon.se\/index.php\/wp-json\/wp\/v2\/pages\/959","targetHints":{"allow":["GET"]}}],"collection":[{"href":"https:\/\/tegelon.se\/index.php\/wp-json\/wp\/v2\/pages"}],"about":[{"href":"https:\/\/tegelon.se\/index.php\/wp-json\/wp\/v2\/types\/page"}],"author":[{"embeddable":true,"href":"https:\/\/tegelon.se\/index.php\/wp-json\/wp\/v2\/users\/1"}],"replies":[{"embeddable":true,"href":"https:\/\/tegelon.se\/index.php\/wp-json\/wp\/v2\/comments?post=959"}],"version-history":[{"count":12,"href":"https:\/\/tegelon.se\/index.php\/wp-json\/wp\/v2\/pages\/959\/revisions"}],"predecessor-version":[{"id":1019,"href":"https:\/\/tegelon.se\/index.php\/wp-json\/wp\/v2\/pages\/959\/revisions\/1019"}],"wp:attachment":[{"href":"https:\/\/tegelon.se\/index.php\/wp-json\/wp\/v2\/media?parent=959"}],"curies":[{"name":"wp","href":"https:\/\/api.w.org\/{rel}","templated":true}]}}