{"id":105,"date":"2015-05-25T20:32:11","date_gmt":"2015-05-25T20:32:11","guid":{"rendered":"http:\/\/tegelon.se\/?page_id=105"},"modified":"2024-06-27T18:03:38","modified_gmt":"2024-06-27T18:03:38","slug":"vid-brand","status":"publish","type":"page","link":"https:\/\/tegelon.se\/index.php\/vid-brand\/","title":{"rendered":"Vid brand p\u00e5 Tegel\u00f6n"},"content":{"rendered":"<h2>Instruktion i h\u00e4ndelse av brand p\u00e5 Tegel\u00f6n<\/h2>\n<p><strong>Ring:<\/strong><\/p>\n<ol>\n<li>SOS Alarm: 112<\/li>\n<li>Brandfogde, se\u00a0<a href=\"https:\/\/tegelon.se\/index.php\/styrelsen-och-fortroendevalda\/\">Styrelsen och f\u00f6rtroendevalda<\/a><\/li>\n<\/ol>\n<p>Brandk\u00e5ren i Nacka kommun har placerat en motorspruta p\u00e5 Tegel\u00f6n att anv\u00e4ndas i h\u00e4ndelse av brand. Avsikten \u00e4r att den skall anv\u00e4ndas f\u00f6r en f\u00f6rsta insats till dess att Brandk\u00e5rens egen personal hinner fram. Janne Bengtsson, Tegel\u00f6n, \u00e4r vald av \u00e5rsm\u00f6tet till brandfogde och har ansvaret f\u00f6r motorsprutans sk\u00f6tsel och handhavande.<\/p>\n<h5>Detaljerade instruktioner<\/h5>\n<ol>\n<li><strong>Ring 112 och larma Brandk\u00e5ren.<\/strong><br \/>\nVar beredd p\u00e5 att svara p\u00e5 fr\u00e5gor fr\u00e5n SOS Alarm om vad som har h\u00e4nt.<\/p>\n<ul>\n<li>Finns det skadade? Hur m\u00e5nga och p\u00e5 vilket s\u00e4tt?<\/li>\n<li>\u00c4r n\u00e5gon i fara vid branden?<\/li>\n<li>Finns det annat som \u00e4r viktigt f\u00f6r att r\u00e4tt hj\u00e4lp skall kunna skickas?<\/li>\n<li>Beskriv tydligt var det brinner.<\/li>\n<\/ul>\n<\/li>\n<li><strong>Ring till Brandfogde f\u00f6r att larma om motorsprutan. Tala om till vilken plats nedan som de skall k\u00f6ra, T1 \u2013 T11.<\/strong>\n<ul>\n<li>Brandfogde, se\u00a0<a href=\"https:\/\/tegelon.se\/index.php\/styrelsen-och-fortroendevalda\/\">Styrelsen och f\u00f6rtroendevalda<\/a><\/li>\n<\/ul>\n<\/li>\n<li><strong>H\u00e4mta slangar i boden, vid stora \u00e4ngen, d\u00e4r motorsprutan st\u00e5r.<\/strong><br \/>\nB\u00f6rja att rulla ut dem fr\u00e5n den plats det brinner p\u00e5 till den n\u00e4rmaste platsen d\u00e4r motorsprutan kommer att placeras, se kartan nedan. (Motorsprutan m\u00e5ste alltid placeras vid vattnet, max. 8 m fr\u00e5n strandlinjen.)<\/li>\n<li><strong>Koppla ihop slangarna.<\/strong><\/li>\n<li><strong>Vidtag andra beh\u00f6vliga \u00e5tg\u00e4rder f\u00f6r att begr\u00e4nsa elden utan att riskera ditt eget liv.<\/strong><\/li>\n<\/ol>\n<h5>Uppst\u00e4llningsplatser f\u00f6r brandsprutan<\/h5>\n<p><a href=\"http:\/\/tegelon.se\/wp-content\/uploads\/2015\/05\/Brand.png\"><img loading=\"lazy\" decoding=\"async\" class=\"alignnone size-full wp-image-108\" src=\"http:\/\/tegelon.se\/wp-content\/uploads\/2015\/05\/Brand.png\" alt=\"Brand\" width=\"731\" height=\"369\" \/><\/a><\/p>\n","protected":false},"excerpt":{"rendered":"<p>Instruktion i h\u00e4ndelse av brand p\u00e5 Tegel\u00f6n Ring: SOS Alarm: 112 Brandfogde, se\u00a0Styrelsen och f\u00f6rtroendevalda Brandk\u00e5ren i Nacka kommun har placerat en motorspruta p\u00e5 Tegel\u00f6n att anv\u00e4ndas i h\u00e4ndelse av &hellip; <a href=\"https:\/\/tegelon.se\/index.php\/vid-brand\/\" class=\"more-link\">Forts\u00e4tt l\u00e4sa <span class=\"screen-reader-text\">Vid brand p\u00e5 Tegel\u00f6n<\/span> <span class=\"meta-nav\">&rarr;<\/span><\/a><\/p>\n","protected":false},"author":1,"featured_media":0,"parent":0,"menu_order":0,"comment_status":"open","ping_status":"closed","template":"","meta":{"footnotes":""},"class_list":["post-105","page","type-page","status-publish","hentry"],"_links":{"self":[{"href":"https:\/\/tegelon.se\/index.php\/wp-json\/wp\/v2\/pages\/105","targetHints":{"allow":["GET"]}}],"collection":[{"href":"https:\/\/tegelon.se\/index.php\/wp-json\/wp\/v2\/pages"}],"about":[{"href":"https:\/\/tegelon.se\/index.php\/wp-json\/wp\/v2\/types\/page"}],"author":[{"embeddable":true,"href":"https:\/\/tegelon.se\/index.php\/wp-json\/wp\/v2\/users\/1"}],"replies":[{"embeddable":true,"href":"https:\/\/tegelon.se\/index.php\/wp-json\/wp\/v2\/comments?post=105"}],"version-history":[{"count":16,"href":"https:\/\/tegelon.se\/index.php\/wp-json\/wp\/v2\/pages\/105\/revisions"}],"predecessor-version":[{"id":972,"href":"https:\/\/tegelon.se\/index.php\/wp-json\/wp\/v2\/pages\/105\/revisions\/972"}],"wp:attachment":[{"href":"https:\/\/tegelon.se\/index.php\/wp-json\/wp\/v2\/media?parent=105"}],"curies":[{"name":"wp","href":"https:\/\/api.w.org\/{rel}","templated":true}]}}