{"id":779,"date":"2021-03-05T10:15:31","date_gmt":"2021-03-05T10:15:31","guid":{"rendered":"http:\/\/tegelon.se\/?page_id=779"},"modified":"2025-05-25T19:53:36","modified_gmt":"2025-05-25T19:53:36","slug":"hjartstartare-pa-tegelon","status":"publish","type":"page","link":"http:\/\/tegelon.se\/index.php\/hjartstartare-pa-tegelon\/","title":{"rendered":"Hj\u00e4rtstartare p\u00e5 Tegel\u00f6n"},"content":{"rendered":"<p>Hj\u00e4rtstartaren finns hemma hos Claes Borg, se <a href=\"https:\/\/maps.app.goo.gl\/wTtMFbB4RcFZ87q49\">karta<\/a>. Den sitter i ett sk\u00e5p husfasaden som v\u00e4tter mot S\u00f6ndagspromenaden 22, ovanf\u00f6r \u00e4ngen.<\/p>\n\n\n<h3 class=\"wp-block-heading\"><\/h3>\n\n\n\n<p><\/p>\n","protected":false},"excerpt":{"rendered":"<p>Hj\u00e4rtstartaren finns hemma hos Claes Borg, se karta. Den sitter i ett sk\u00e5p husfasaden som v\u00e4tter mot S\u00f6ndagspromenaden 22, ovanf\u00f6r \u00e4ngen.<\/p>\n","protected":false},"author":1,"featured_media":0,"parent":0,"menu_order":0,"comment_status":"closed","ping_status":"closed","template":"","meta":{"footnotes":""},"class_list":["post-779","page","type-page","status-publish","hentry"],"_links":{"self":[{"href":"http:\/\/tegelon.se\/index.php\/wp-json\/wp\/v2\/pages\/779","targetHints":{"allow":["GET"]}}],"collection":[{"href":"http:\/\/tegelon.se\/index.php\/wp-json\/wp\/v2\/pages"}],"about":[{"href":"http:\/\/tegelon.se\/index.php\/wp-json\/wp\/v2\/types\/page"}],"author":[{"embeddable":true,"href":"http:\/\/tegelon.se\/index.php\/wp-json\/wp\/v2\/users\/1"}],"replies":[{"embeddable":true,"href":"http:\/\/tegelon.se\/index.php\/wp-json\/wp\/v2\/comments?post=779"}],"version-history":[{"count":8,"href":"http:\/\/tegelon.se\/index.php\/wp-json\/wp\/v2\/pages\/779\/revisions"}],"predecessor-version":[{"id":1001,"href":"http:\/\/tegelon.se\/index.php\/wp-json\/wp\/v2\/pages\/779\/revisions\/1001"}],"wp:attachment":[{"href":"http:\/\/tegelon.se\/index.php\/wp-json\/wp\/v2\/media?parent=779"}],"curies":[{"name":"wp","href":"https:\/\/api.w.org\/{rel}","templated":true}]}}