{"id":651,"date":"2019-12-01T20:44:16","date_gmt":"2019-12-01T20:44:16","guid":{"rendered":"http:\/\/tegelon.se\/?page_id=651"},"modified":"2022-06-11T19:30:14","modified_gmt":"2022-06-11T19:30:14","slug":"policies","status":"publish","type":"page","link":"http:\/\/tegelon.se\/index.php\/samfallighetsforeningen\/policies\/","title":{"rendered":"Trivselregler och policies"},"content":{"rendered":"\n<p>P\u00e5 denna sida finns l\u00e4nkar till kortfattade trivselregler f\u00f6r oss som r\u00f6r oss p\u00e5 Tegel\u00f6n samt fullst\u00e4ndiga policies f\u00f6r gemensamhetsanl\u00e4ggningarna GA:1 (Tegel\u00f6n) och GA:2 (Sommarbo).<\/p>\n\n\n\n<ol class=\"wp-block-list\"><li><a href=\"#trivselregler\">Kortfattade trivselregler<\/a><\/li><li><a href=\"http:\/\/tegelon.se\/index.php\/samfallighetsforeningen\/policies\/#Tegelon\">Policies Tegel\u00f6n (GA:1)<\/a><\/li><li><a href=\"http:\/\/tegelon.se\/index.php\/samfallighetsforeningen\/policies\/#Sommarbo\">Policies Sommarbo (GA:2)<\/a><\/li><\/ol>\n\n\n<h2 id=\"trivselregler\">Kortfattade trivselregler<\/h2>\n<h3>Motorfordon<\/h3>\n<p>Tegel\u00f6n \u00e4r en bilfri \u00f6 och vi undviker anv\u00e4ndande av motorfordon. P\u00e5 s\u00e5 s\u00e4tt minskar vi \u00e5verkan p\u00e5 \u00f6ns natur och stigar samt minimerar st\u00f6rningar och h\u00f6jer s\u00e4kerheten f\u00f6r alla, fr\u00e4mst barnens. Undantag \u00e4r transporter av<\/p>\n<ul>\n<li>byggmaterial och tung utrustning<\/li>\n<li>m\u00e4nniskor med fysiska sv\u00e5righeter att f\u00f6rflytta sig<\/li>\n<\/ul>\n<p>Transporter sker med visad h\u00e4nsyn. Maxhastighet \u00e4r 10 km\/tim.<\/p>\n<h3>Hundar<\/h3>\n<p>Enligt kommunlagen ska hundar vara kopplade mellan 1 mars- 20 aug. Dock ska du under all tid som hund\u00e4gare\/ hundpromenerare ha s\u00e5dan kontroll och uppsikt \u00f6ver hunden att alla som r\u00f6r sig p\u00e5 \u00f6n ska k\u00e4nna sig trygga vid m\u00f6ten. M\u00e5nga uppfattar\/k\u00e4nner inte din hund som \u201dv\u00e4rldens-sn\u00e4llaste\u201d. Hundbajs plockas upp.<\/p>\n<h3>Om du nyttjar en b\u00e5tplats p\u00e5 \u00f6n<\/h3>\n<p>Om du hyr eller nyttjar b\u00e5tplats p\u00e5 n\u00e5gon av samf\u00e4llighetens bryggor s\u00e5 har du ett ansvar att din b\u00e5t \u00e4r<\/p>\n<ul>\n<li>sj\u00f6v\u00e4rdig<\/li>\n<li>r\u00e4tt f\u00f6rt\u00f6jd<\/li>\n<li>inte skadar anl\u00e4ggningarna vid normala f\u00f6rh\u00e5llanden<\/li>\n<\/ul>\n<p>Vid nyttjande ansvarar du \u00e4ven f\u00f6r bryggans underh\u00e5ll samt att vattnet kring bryggan r\u00f6js fr\u00e5n vass och annan v\u00e4xtlighet. B\u00e5tar f\u00e5r endast tillf\u00e4lligt dras upp p\u00e5 samf\u00e4llighetens str\u00e4nder, t.ex f\u00f6r akut reparation.<\/p>\n<h3>Renh\u00e5llning<\/h3>\n<p>Vi som vistas p\u00e5 \u00f6n ansvarar gemensamt f\u00f6r renh\u00e5llning runt om p\u00e5 stigar och gemensamma markytor. T\u00e4nk p\u00e5 att fimpar, f\u00f6rutom att dom skr\u00e4par ner, \u00e4r en brandrisk.<\/p>\n<h3>Buller och b\u00e5ng<\/h3>\n<p>Vi anv\u00e4nder v\u00e5ra h\u00f6gtryckssprutor, s\u00e5gar och andra h\u00f6gljudda maskiner med h\u00e4nsyn till v\u00e5ra grannar och t\u00e4nker en extra g\u00e5ng om morgnar och kv\u00e4llar under helger och semesterperiod innan vi s\u00e4tter ig\u00e5ng dem.<\/p>\n<h2 id=\"Tegelon\">Policies Tegel\u00f6n (GA:1)<\/h2>\n<ul>\n<li><a href=\"https:\/\/drive.google.com\/file\/d\/0B6-ML15aAVV7cWN5eEhUc2czcTg\/view?usp=sharing&amp;resourcekey=0-CidXyBvNIYj9kxKtWb9tYw\"><u>Sk\u00f6tsel av allm\u00e4nningar<\/u><\/a><\/li>\n<li><a href=\"https:\/\/drive.google.com\/file\/d\/0B6-ML15aAVV7bzNGaHZjYnpMR1E\/view?usp=sharing&amp;resourcekey=0-h5WLnhzoYxy4AY_ttL70FQ\" target=\"_blank\" rel=\"noopener noreferrer\"><u>F\u00f6reskrifter f\u00f6r framf\u00f6rande av motorfordon p\u00e5 Tegel\u00f6n<\/u><\/a><\/li>\n<li><a href=\"https:\/\/drive.google.com\/file\/d\/0B6-ML15aAVV7UVY3RFE5NE9Zd00\/view?usp=sharing&amp;resourcekey=0-2E3EdoCAH0G7UD-W3lqlxQ\"><u>Bryggpolicy Tegel\u00f6n<\/u><\/a><br \/>Dokumentet beskriver vad som g\u00e4ller f\u00f6r bryggor p\u00e5 samf\u00e4llighetens mark p\u00e5 Tegel\u00f6n<\/li>\n<\/ul>\n<h2 id=\"Sommarbo\">Policies Sommarbo (GA:2)<\/h2>\n<ul>\n<li><a href=\"https:\/\/drive.google.com\/file\/d\/1L6MftN-h-xgaFWZfqr1qAdVKVSsU1pxc\/view?usp=sharing\"><u>Parkeringsregler p\u00e5 Sommarbo<\/u><\/a><br \/>Dokumentet beskriver regler f\u00f6r att f\u00e5 parkera p\u00e5 parkeringen vid Sommarbo<\/li>\n<li><a href=\"https:\/\/drive.google.com\/file\/d\/1cZxnhsJRZVdLuO-R9qJDPGnQaFSR4g4M\/view?usp=sharing\"><u> Regler och r\u00e5d f\u00f6r bryggor och kaj<\/u><\/a><br \/>Dokumentet ger r\u00e5d och tips f\u00f6r anv\u00e4ndande av bryggor och kaj p\u00e5 Sommarbo<\/li>\n<li><a href=\"https:\/\/drive.google.com\/file\/d\/0B6-ML15aAVV7VTk5a0o1RFBGTVgxanVacldMRE1uTHZrNUh3\/view?usp=sharing\"><u> Anv\u00e4ndande av ramp p\u00e5 Sommarbo<\/u><\/a><br \/>Dokumentet beskriver regler anv\u00e4ndande av rampen p\u00e5 Sommarbo<\/li>\n<li><a href=\"http:\/\/www.batmiljo.se\/\"><u>www.batmiljo.se<\/u><\/a><br \/>Milj\u00f6smarta tips och id\u00e9er f\u00f6r b\u00e5t\u00e4garen<\/li>\n<\/ul>","protected":false},"excerpt":{"rendered":"<p>P\u00e5 denna sida finns l\u00e4nkar till kortfattade trivselregler f\u00f6r oss som r\u00f6r oss p\u00e5 Tegel\u00f6n samt fullst\u00e4ndiga policies f\u00f6r gemensamhetsanl\u00e4ggningarna GA:1 (Tegel\u00f6n) och GA:2 (Sommarbo). Kortfattade trivselregler Policies Tegel\u00f6n (GA:1) &hellip; <a href=\"http:\/\/tegelon.se\/index.php\/samfallighetsforeningen\/policies\/\" class=\"more-link\">Forts\u00e4tt l\u00e4sa <span class=\"screen-reader-text\">Trivselregler och policies<\/span> <span class=\"meta-nav\">&rarr;<\/span><\/a><\/p>\n","protected":false},"author":1,"featured_media":0,"parent":86,"menu_order":0,"comment_status":"closed","ping_status":"closed","template":"","meta":{"footnotes":""},"class_list":["post-651","page","type-page","status-publish","hentry"],"_links":{"self":[{"href":"http:\/\/tegelon.se\/index.php\/wp-json\/wp\/v2\/pages\/651","targetHints":{"allow":["GET"]}}],"collection":[{"href":"http:\/\/tegelon.se\/index.php\/wp-json\/wp\/v2\/pages"}],"about":[{"href":"http:\/\/tegelon.se\/index.php\/wp-json\/wp\/v2\/types\/page"}],"author":[{"embeddable":true,"href":"http:\/\/tegelon.se\/index.php\/wp-json\/wp\/v2\/users\/1"}],"replies":[{"embeddable":true,"href":"http:\/\/tegelon.se\/index.php\/wp-json\/wp\/v2\/comments?post=651"}],"version-history":[{"count":27,"href":"http:\/\/tegelon.se\/index.php\/wp-json\/wp\/v2\/pages\/651\/revisions"}],"predecessor-version":[{"id":857,"href":"http:\/\/tegelon.se\/index.php\/wp-json\/wp\/v2\/pages\/651\/revisions\/857"}],"up":[{"embeddable":true,"href":"http:\/\/tegelon.se\/index.php\/wp-json\/wp\/v2\/pages\/86"}],"wp:attachment":[{"href":"http:\/\/tegelon.se\/index.php\/wp-json\/wp\/v2\/media?parent=651"}],"curies":[{"name":"wp","href":"https:\/\/api.w.org\/{rel}","templated":true}]}}