{"id":65,"date":"2015-05-25T19:31:18","date_gmt":"2015-05-25T19:31:18","guid":{"rendered":"http:\/\/tegelon.se\/?page_id=65"},"modified":"2020-01-13T19:24:18","modified_gmt":"2020-01-13T19:24:18","slug":"sophantering","status":"publish","type":"page","link":"http:\/\/tegelon.se\/index.php\/sophantering\/","title":{"rendered":"Sophantering"},"content":{"rendered":"<p><strong>P\u00e5 denna sida<\/strong><\/p>\n<ol>\n<li> <a href=\"#avfallsbeh\u00e5llare\"> Avfallsbeh\u00e5llarna vid kajen p\u00e5 Sommarbo <\/a><\/li>\n<li> <a href=\"#grovsopor\"> Grovsopor <\/a><\/li>\n<\/ol>\n<h2 id=\"avfallsbeh\u00e5llare\"> Avfallsbeh\u00e5llarna vid kajen p\u00e5 Sommarbo<\/h2>\n<p>F\u00f6reningens sopbeh\u00e5llare f\u00f6r hush\u00e5llssopor finns uppst\u00e4llda vid lastkajen p\u00e5 Sommarbo. Beh\u00e5llarna \u00e4r l\u00e5sta och nyckel kan kvitteras ut hos Claes Borg p\u00e5 S\u00f6ndagspromenaden 22.<\/p>\n<p>P\u00e5 kajen st\u00e5r:<\/p>\n<ul>\n<li> 1 beh\u00e5llare f\u00f6r biologiskt nedbrytbart \u201dmatavfall\u201d. L\u00e4ggs ej i plastp\u00e5sar om dom uttryckligen inte \u00e4r komposterbara.<br \/>\nStartkit med h\u00e5llare och p\u00e5sar (papp) finns att h\u00e4mta i brandboden vid \u00e4ngen.<\/li>\n<li> 2 beh\u00e5llare f\u00f6r restavfall. Ur milj\u00f6h\u00e4nsyn, unvik sl\u00e4nga glas och metall. Sl\u00e4ng detta p\u00e5 en \u00e5tervinningsstation.<\/li>\n<\/ul>\n<p>F\u00f6r mer detaljerad information se v\u00e5rt <a href=\"https:\/\/drive.google.com\/file\/d\/0BxCKdB-PAt0peGhMRkRJRmJ1TzQ\/view\" target=\"_blank\" rel=\"noopener noreferrer\">informationsblad<\/a>.<\/p>\n<h2 id=\"grovsopor\"> Grovsopor<\/h2>\n<p>Nacka kommun har \u00f6ppnat en ny <a href=\"http:\/\/www.nacka.se\/boende-miljo\/avfall\/lamna\/atervinningscentraler\/#boo\" target=\"_blank\" rel=\"noopener noreferrer\">\u00e5tervinningscentral i Boo<\/a> som \u00e4r \u00f6ppen dagligen. F\u00f6reningen har d\u00e4rf\u00f6r valt att inte organisera hantering av grovsopor p\u00e5 Sommarbo i \u00e5r.<\/p>\n","protected":false},"excerpt":{"rendered":"<p>P\u00e5 denna sida Avfallsbeh\u00e5llarna vid kajen p\u00e5 Sommarbo Grovsopor Avfallsbeh\u00e5llarna vid kajen p\u00e5 Sommarbo F\u00f6reningens sopbeh\u00e5llare f\u00f6r hush\u00e5llssopor finns uppst\u00e4llda vid lastkajen p\u00e5 Sommarbo. Beh\u00e5llarna \u00e4r l\u00e5sta och nyckel kan &hellip; <a href=\"http:\/\/tegelon.se\/index.php\/sophantering\/\" class=\"more-link\">Forts\u00e4tt l\u00e4sa <span class=\"screen-reader-text\">Sophantering<\/span> <span class=\"meta-nav\">&rarr;<\/span><\/a><\/p>\n","protected":false},"author":1,"featured_media":0,"parent":0,"menu_order":0,"comment_status":"open","ping_status":"open","template":"","meta":{"footnotes":""},"class_list":["post-65","page","type-page","status-publish","hentry"],"_links":{"self":[{"href":"http:\/\/tegelon.se\/index.php\/wp-json\/wp\/v2\/pages\/65","targetHints":{"allow":["GET"]}}],"collection":[{"href":"http:\/\/tegelon.se\/index.php\/wp-json\/wp\/v2\/pages"}],"about":[{"href":"http:\/\/tegelon.se\/index.php\/wp-json\/wp\/v2\/types\/page"}],"author":[{"embeddable":true,"href":"http:\/\/tegelon.se\/index.php\/wp-json\/wp\/v2\/users\/1"}],"replies":[{"embeddable":true,"href":"http:\/\/tegelon.se\/index.php\/wp-json\/wp\/v2\/comments?post=65"}],"version-history":[{"count":26,"href":"http:\/\/tegelon.se\/index.php\/wp-json\/wp\/v2\/pages\/65\/revisions"}],"predecessor-version":[{"id":702,"href":"http:\/\/tegelon.se\/index.php\/wp-json\/wp\/v2\/pages\/65\/revisions\/702"}],"wp:attachment":[{"href":"http:\/\/tegelon.se\/index.php\/wp-json\/wp\/v2\/media?parent=65"}],"curies":[{"name":"wp","href":"https:\/\/api.w.org\/{rel}","templated":true}]}}